{"id":1146,"date":"2026-04-23T11:31:36","date_gmt":"2026-04-23T09:31:36","guid":{"rendered":"http:\/\/klb.julien-muller.fr\/?page_id=1146"},"modified":"2026-04-23T16:14:50","modified_gmt":"2026-04-23T14:14:50","slug":"modalites-dintervention","status":"publish","type":"page","link":"https:\/\/klb.julien-muller.fr\/index.php\/modalites-dintervention\/","title":{"rendered":"Modalit\u00e9s d\u2019intervention"},"content":{"rendered":"\n<p>En mati\u00e8re de conseil, l\u2019objectif est de s\u00e9curiser vos prises de d\u00e9cision en tenant compte du contexte particulier et du risque contentieux. C\u2019est ainsi que klb avocat s\u2019attache \u00e0 r\u00e9diger des consultations imm\u00e9diatement op\u00e9rationnelles, en vous apportant, d\u00e8s la page de garde une solution technique tranch\u00e9e. Le reste de la note permet ensuite la prise de connaissance du cadre l\u00e9gislatif, r\u00e9glementaire, jurisprudentiel et doctrinal ainsi que la compr\u00e9hension des enjeux techniques et des risques contentieux.<\/p>\n\n\n\n<p>En mati\u00e8re de repr\u00e9sentation en justice, klb avocat s\u2019engage \u00e0 d\u00e9velopper en amont une strat\u00e9gie globale d\u2019attaque ou de d\u00e9fense et \u00e0 alerter ses clients sur les risques ou chances de succ\u00e8s, compte tenu de la jurisprudence en la mati\u00e8re. C\u2019est ainsi que klb avocat n\u2019encourage pas ses clients \u00e0 introduire une proc\u00e9dure judiciaire sans moyens suffisamment solides.<\/p>\n\n\n\n<p><br>En pratique, klb avocat s\u2019engage \u00e0 respecter vos contraintes de d\u00e9lais et adresse ses consultations dans un d\u00e9lai de 3 \u00e0 5 jours selon la complexit\u00e9 de la probl\u00e9matique.<\/p>\n\n\n\n<p>En contentieux, klb avocat s\u2019engage \u00e0 adresser \u00e0 ses clients les projets d\u2019\u00e9critures dans un d\u00e9lai suffisant pour permettre une relecture efficace, soit minimum 10 jours avant une date d\u2019audience ou de cl\u00f4ture.<\/p>\n\n\n\n<p>Pour permettre \u00e0 ses clients de ma\u00eetriser leurs co\u00fbts, klb avocat s\u2019engage \u00e0 adresser, en amont, une proposition d\u2019honoraires soit forfaitaire (notamment pour un contentieux) soit au temps pass\u00e9, mais dans ce cas, en pr\u00e9cisant le temps de travail estim\u00e9 n\u00e9cessaire \u00e0 la r\u00e9alisation de la prestation.<\/p>\n","protected":false},"excerpt":{"rendered":"<p>En mati\u00e8re de conseil, l\u2019objectif est de s\u00e9curiser vos prises de d\u00e9cision en tenant compte du contexte particulier et du risque contentieux. C\u2019est ainsi que klb avocat s\u2019attache \u00e0 r\u00e9diger des consultations imm\u00e9diatement op\u00e9rationnelles, en vous apportant, d\u00e8s la page de garde une solution technique tranch\u00e9e. Le reste de la note permet ensuite la prise de connaissance du cadre l\u00e9gislatif,&#8230;<\/p>\n","protected":false},"author":1,"featured_media":0,"parent":0,"menu_order":0,"comment_status":"closed","ping_status":"closed","template":"my-templates\/template-fullwidth.php","meta":{"_acf_changed":false,"_coblocks_attr":"","_coblocks_dimensions":"","_coblocks_responsive_height":"","_coblocks_accordion_ie_support":"","footnotes":""},"class_list":["post-1146","page","type-page","status-publish","hentry"],"acf":[],"aioseo_notices":[],"_links":{"self":[{"href":"https:\/\/klb.julien-muller.fr\/index.php\/wp-json\/wp\/v2\/pages\/1146","targetHints":{"allow":["GET"]}}],"collection":[{"href":"https:\/\/klb.julien-muller.fr\/index.php\/wp-json\/wp\/v2\/pages"}],"about":[{"href":"https:\/\/klb.julien-muller.fr\/index.php\/wp-json\/wp\/v2\/types\/page"}],"author":[{"embeddable":true,"href":"https:\/\/klb.julien-muller.fr\/index.php\/wp-json\/wp\/v2\/users\/1"}],"replies":[{"embeddable":true,"href":"https:\/\/klb.julien-muller.fr\/index.php\/wp-json\/wp\/v2\/comments?post=1146"}],"version-history":[{"count":1,"href":"https:\/\/klb.julien-muller.fr\/index.php\/wp-json\/wp\/v2\/pages\/1146\/revisions"}],"predecessor-version":[{"id":1148,"href":"https:\/\/klb.julien-muller.fr\/index.php\/wp-json\/wp\/v2\/pages\/1146\/revisions\/1148"}],"wp:attachment":[{"href":"https:\/\/klb.julien-muller.fr\/index.php\/wp-json\/wp\/v2\/media?parent=1146"}],"curies":[{"name":"wp","href":"https:\/\/api.w.org\/{rel}","templated":true}]}}