{"id":1137,"date":"2026-04-23T11:22:14","date_gmt":"2026-04-23T09:22:14","guid":{"rendered":"http:\/\/klb.julien-muller.fr\/?page_id=1137"},"modified":"2026-04-23T11:30:34","modified_gmt":"2026-04-23T09:30:34","slug":"katia-leselbaum","status":"publish","type":"page","link":"https:\/\/klb.julien-muller.fr\/index.php\/katia-leselbaum\/","title":{"rendered":"Katia Leselbaum"},"content":{"rendered":"\n<h2 class=\"wp-block-heading\">Formation et exp\u00e9rience professionnelle<\/h2>\n\n\n\n<p>Avant de cr\u00e9er klb avocat, Katia Leselbaum-Benhammou a exerc\u00e9 la profession d\u2019avocat au sein de cabinets parisiens reconnus o\u00f9 elle a acquis rigueur, exigence et sens de la relation clients.<\/p>\n\n\n\n<p>Apr\u00e8s son stage de l\u2019\u00e9cole du Barreau au sein de l\u2019\u00e9quipe droit public du cabinet De Pardieu Brocas Maff\u00e9i, Katia Leselbaum-Benhammou a exerc\u00e9 au sein du p\u00f4le immoblier du cabinet Veil Jourde puis au sein du p\u00f4le urbanisme du cabinet Lacourte Balas et associ\u00e9s.<\/p>\n\n\n\n<p>Elle a ensuite int\u00e9gr\u00e9 le cabinet AdDen avocats o\u00f9 elle a pu affirmer sa formation en droit de l\u2019urbanisme, actions fonci\u00e8res, droit de l\u2019am\u00e9nagement et urbanisme commercial.<\/p>\n\n\n\n<p>Enfin, elle a exerc\u00e9 au sein du p\u00f4le immobilier du cabinet Reinhart Marville Torre, lui permettant de pratiquer, par ailleurs, le droit de la construction et le droit de la copropri\u00e9t\u00e9.<\/p>\n\n\n\n<p>L\u2019ensemble de ces exp\u00e9riences permet donc aujourd\u2019hui \u00e0 Katia Leselbaum-Benhammou de conseiller ses clients sur l\u2019ensemble des sujets soulev\u00e9s par un projet immobilier, de sa conception \u00e0 sa r\u00e9alisation.<\/p>\n\n\n\n<p>Katia Leselbaum-Benhammou est titulaire d\u2019une ma\u00eetrise de droit public obtenue \u00e0 l\u2019Universit\u00e9 Paris II Panth\u00e9on Assas et d\u2019un master II professionnel Droit public et priv\u00e9 des collectivit\u00e9s territoriales de l\u2019Universit\u00e9 d\u2019Evry.<\/p>\n\n\n\n<h2 class=\"wp-block-heading\">Publications<\/h2>\n\n\n\n<div class=\"wp-block-columns is-layout-flex wp-container-core-columns-is-layout-28f84493 wp-block-columns-is-layout-flex\">\n<div class=\"wp-block-column is-layout-flow wp-block-column-is-layout-flow\" style=\"flex-basis:33.33%\">\n<h3 class=\"wp-block-heading\">2014<\/h3>\n<\/div>\n\n\n\n<div class=\"wp-block-column is-layout-flow wp-block-column-is-layout-flow\" style=\"flex-basis:66.66%\">\n<p><em>50 questions : Contentieux de l\u2019urbanisme<\/em>\u00a0Le Courrier des maires et des \u00e9lus locaux n\u00b0 285| d\u00e9cembre 2014, cahier n\u00b0 80 avec E. Sacksick, J. Sarassat, P. Proot, A. Lebeau, A. Massaguer et V. Malbert<\/p>\n<\/div>\n<\/div>\n\n\n\n<div class=\"wp-block-columns is-layout-flex wp-container-core-columns-is-layout-28f84493 wp-block-columns-is-layout-flex\">\n<div class=\"wp-block-column is-layout-flow wp-block-column-is-layout-flow\" style=\"flex-basis:33.33%\">\n<h3 class=\"wp-block-heading\">2013<\/h3>\n<\/div>\n\n\n\n<div class=\"wp-block-column is-layout-flow wp-block-column-is-layout-flow\" style=\"flex-basis:66.66%\">\n<p><em>50 questions : Le droit de pr\u00e9emption<\/em>&nbsp;Le Courrier des maires n\u00b0 274 | D\u00e9cembre 2013, cahier n\u00b0 70 avec J. Sarassat, V. Ferracci, et J. Mend\u00e8s-B\u00e9teille<\/p>\n\n\n\n<p><em>Droit de pr\u00e9emption urbain \u2013 Le titulaire, un acqu\u00e9reur pas comme les autres<\/em>&nbsp;La gazette des communes du 1er juillet 2013 avec J. Sarassat)<\/p>\n<\/div>\n<\/div>\n\n\n\n<div class=\"wp-block-columns is-layout-flex wp-container-core-columns-is-layout-28f84493 wp-block-columns-is-layout-flex\">\n<div class=\"wp-block-column is-layout-flow wp-block-column-is-layout-flow\" style=\"flex-basis:33.33%\">\n<h3 class=\"wp-block-heading\">2012<\/h3>\n<\/div>\n\n\n\n<div class=\"wp-block-column is-layout-flow wp-block-column-is-layout-flow\" style=\"flex-basis:66.66%\">\n<p><em>Le nouveau r\u00e9gime des aires de mise en valeur du patrimoine<\/em>, La gazette des communes du 28 mai 2012<\/p>\n<\/div>\n<\/div>\n\n\n\n<div style=\"height:100px\" aria-hidden=\"true\" class=\"wp-block-spacer\"><\/div>\n\n\n\n<h2 class=\"wp-block-heading\">Enseignements et formations<\/h2>\n\n\n\n<div class=\"wp-block-columns is-layout-flex wp-container-core-columns-is-layout-28f84493 wp-block-columns-is-layout-flex\">\n<div class=\"wp-block-column is-layout-flow wp-block-column-is-layout-flow\" style=\"flex-basis:33.33%\">\n<h3 class=\"wp-block-heading\">2016<\/h3>\n<\/div>\n\n\n\n<div class=\"wp-block-column is-layout-flow wp-block-column-is-layout-flow\" style=\"flex-basis:66.66%\">\n<p>Formation \u00ab\u00a0<em>Apports de la loi ALUR<\/em>\u00a0\u00bb (inter Francis Lefebvre Formations)<\/p>\n<\/div>\n<\/div>\n\n\n\n<div class=\"wp-block-columns is-layout-flex wp-container-core-columns-is-layout-28f84493 wp-block-columns-is-layout-flex\">\n<div class=\"wp-block-column is-layout-flow wp-block-column-is-layout-flow\" style=\"flex-basis:33.33%\">\n<h3 class=\"wp-block-heading\">2015<\/h3>\n<\/div>\n\n\n\n<div class=\"wp-block-column is-layout-flow wp-block-column-is-layout-flow\" style=\"flex-basis:66.66%\">\n<p>Formation \u00ab\u00a0<em>Urbanisme commercial, tableaux synoptiques au fil des r\u00e9formes<\/em>\u00a0\u00bb (intra Francis Lefebvre Formations pour une \u00e9tude notariale parisienne)<\/p>\n<\/div>\n<\/div>\n\n\n\n<div class=\"wp-block-columns is-layout-flex wp-container-core-columns-is-layout-28f84493 wp-block-columns-is-layout-flex\">\n<div class=\"wp-block-column is-layout-flow wp-block-column-is-layout-flow\" style=\"flex-basis:33.33%\">\n<h3 class=\"wp-block-heading\">2014 &#8211; 2015<\/h3>\n<\/div>\n\n\n\n<div class=\"wp-block-column is-layout-flow wp-block-column-is-layout-flow\" style=\"flex-basis:66.66%\">\n<p>Formation \u00ab\u00a0<em>Urbanisme commercial, s\u00e9curiser ses projets<\/em>\u00a0\u00bb (intra Francis Lefebvre Formations pour une fonci\u00e8re)<\/p>\n<\/div>\n<\/div>\n\n\n\n<div class=\"wp-block-columns is-layout-flex wp-container-core-columns-is-layout-28f84493 wp-block-columns-is-layout-flex\">\n<div class=\"wp-block-column is-layout-flow wp-block-column-is-layout-flow\" style=\"flex-basis:33.33%\">\n<h3 class=\"wp-block-heading\">2012 \u00e0 2014<\/h3>\n<\/div>\n\n\n\n<div class=\"wp-block-column is-layout-flow wp-block-column-is-layout-flow\" style=\"flex-basis:66.66%\">\n<p>Formation \u00ab\u00a0<em>Droit de pr\u00e9emption<\/em>\u00a0\u00bb (inter CNFPT)<\/p>\n<\/div>\n<\/div>\n\n\n\n<div class=\"wp-block-columns is-layout-flex wp-container-core-columns-is-layout-28f84493 wp-block-columns-is-layout-flex\">\n<div class=\"wp-block-column is-layout-flow wp-block-column-is-layout-flow\" style=\"flex-basis:33.33%\">\n<h3 class=\"wp-block-heading\">2011 \u00e0 2013<\/h3>\n<\/div>\n\n\n\n<div class=\"wp-block-column is-layout-flow wp-block-column-is-layout-flow\" style=\"flex-basis:66.66%\">\n<p>S\u00e9minaire \u00ab\u00a0<em>Droit de l\u2019urbanisme<\/em>\u00a0\u00bb M2 (Ecole nationale sup\u00e9rieure d\u2019architecture de Paris \/ Paris X)<\/p>\n<\/div>\n<\/div>\n\n\n\n<div class=\"wp-block-columns is-layout-flex wp-container-core-columns-is-layout-28f84493 wp-block-columns-is-layout-flex\">\n<div class=\"wp-block-column is-layout-flow wp-block-column-is-layout-flow\" style=\"flex-basis:33.33%\">\n<h3 class=\"wp-block-heading\">2010<\/h3>\n<\/div>\n\n\n\n<div class=\"wp-block-column is-layout-flow wp-block-column-is-layout-flow\" style=\"flex-basis:66.66%\">\n<p>Formation \u00ab\u00a0<em>Droit de l\u2019expropriation<\/em>\u00a0\u00bb (intra CNFPT pour un d\u00e9partement)<\/p>\n<\/div>\n<\/div>\n\n\n\n<div class=\"wp-block-columns is-layout-flex wp-container-core-columns-is-layout-28f84493 wp-block-columns-is-layout-flex\">\n<div class=\"wp-block-column is-layout-flow wp-block-column-is-layout-flow\" style=\"flex-basis:33.33%\">\n<h3 class=\"wp-block-heading\">2009<\/h3>\n<\/div>\n\n\n\n<div class=\"wp-block-column is-layout-flow wp-block-column-is-layout-flow\" style=\"flex-basis:66.66%\">\n<p>Formation \u00ab\u00a0<em>Contentieux civil et p\u00e9nal de l\u2019urbanisme<\/em>\u00a0\u00bb (intra Francis Lefebvre Formations pour une commune)<\/p>\n<\/div>\n<\/div>\n\n\n\n<div class=\"wp-block-columns is-layout-flex wp-container-core-columns-is-layout-28f84493 wp-block-columns-is-layout-flex\">\n<div class=\"wp-block-column is-layout-flow wp-block-column-is-layout-flow\" style=\"flex-basis:33.33%\">\n<h3 class=\"wp-block-heading\">2008 \u00e0 2012<\/h3>\n<\/div>\n\n\n\n<div class=\"wp-block-column is-layout-flow wp-block-column-is-layout-flow\" style=\"flex-basis:66.66%\">\n<p>Formation \u00ab\u00a0<em>Contentieux administratif : r\u00e9daction d\u2019un m\u00e9moire en d\u00e9fense<\/em>\u00bb (Francis Lefebvre Formations)<\/p>\n<\/div>\n<\/div>\n","protected":false},"excerpt":{"rendered":"<p>Formation et exp\u00e9rience professionnelle Avant de cr\u00e9er klb avocat, Katia Leselbaum-Benhammou a exerc\u00e9 la profession d\u2019avocat au sein de cabinets parisiens reconnus o\u00f9 elle a acquis rigueur, exigence et sens de la relation clients. Apr\u00e8s son stage de l\u2019\u00e9cole du Barreau au sein de l\u2019\u00e9quipe droit public du cabinet De Pardieu Brocas Maff\u00e9i, Katia Leselbaum-Benhammou a exerc\u00e9 au sein du&#8230;<\/p>\n","protected":false},"author":1,"featured_media":0,"parent":0,"menu_order":0,"comment_status":"closed","ping_status":"closed","template":"my-templates\/template-fullwidth.php","meta":{"_acf_changed":false,"_coblocks_attr":"","_coblocks_dimensions":"","_coblocks_responsive_height":"","_coblocks_accordion_ie_support":"","footnotes":""},"class_list":["post-1137","page","type-page","status-publish","hentry"],"acf":[],"aioseo_notices":[],"_links":{"self":[{"href":"https:\/\/klb.julien-muller.fr\/index.php\/wp-json\/wp\/v2\/pages\/1137","targetHints":{"allow":["GET"]}}],"collection":[{"href":"https:\/\/klb.julien-muller.fr\/index.php\/wp-json\/wp\/v2\/pages"}],"about":[{"href":"https:\/\/klb.julien-muller.fr\/index.php\/wp-json\/wp\/v2\/types\/page"}],"author":[{"embeddable":true,"href":"https:\/\/klb.julien-muller.fr\/index.php\/wp-json\/wp\/v2\/users\/1"}],"replies":[{"embeddable":true,"href":"https:\/\/klb.julien-muller.fr\/index.php\/wp-json\/wp\/v2\/comments?post=1137"}],"version-history":[{"count":5,"href":"https:\/\/klb.julien-muller.fr\/index.php\/wp-json\/wp\/v2\/pages\/1137\/revisions"}],"predecessor-version":[{"id":1145,"href":"https:\/\/klb.julien-muller.fr\/index.php\/wp-json\/wp\/v2\/pages\/1137\/revisions\/1145"}],"wp:attachment":[{"href":"https:\/\/klb.julien-muller.fr\/index.php\/wp-json\/wp\/v2\/media?parent=1137"}],"curies":[{"name":"wp","href":"https:\/\/api.w.org\/{rel}","templated":true}]}}