{"id":1054,"date":"2017-09-25T16:09:34","date_gmt":"2017-09-25T16:09:34","guid":{"rendered":"https:\/\/matchthemes.com\/demowp\/civillaw\/?page_id=2"},"modified":"2026-04-23T11:01:34","modified_gmt":"2026-04-23T09:01:34","slug":"home","status":"publish","type":"page","link":"https:\/\/klb.julien-muller.fr\/","title":{"rendered":"Home"},"content":{"rendered":"\n<h5 class=\"wp-block-heading has-text-align-center small-intro\" id=\"welcome-to-liberis\">KLB Avocat<\/h5>\n\n\n\n<h2 class=\"wp-block-heading has-text-align-center\" id=\"experience-team-results\">Cabinet expert en droit Immobilier<\/h2>\n\n\n\n<p class=\"has-text-align-center margin-b50\">klb avocat intervient \u00e0 chaque \u00e9tape de l\u2019acte de construire<\/p>\n\n\n\n<div class=\"stats margin-b100\">\n<div class=\"row\">\n<div class=\"col-md-4\">\n<h3>10<\/h3>\n<p>Ans d&rsquo;\u00e9xistance<\/p>\n\n<\/div>\n<div class=\"col-md-4\">\n<h3>100%<\/h3>\n<p>Op\u00e9rationnel<\/p>\n\n<\/div>\n<div class=\"col-md-4\">\n<h3>4,6\/5<\/h3>\n<p>D&rsquo;avis positif<\/p>\n\n<\/div>\n<\/div>\n<\/div>\n\n\n\n<h2 class=\"wp-block-heading has-text-align-center home-title\" id=\"our-practice-areas\"><span>Domaines d&rsquo;expertise<\/span><\/h2>\n\n\n\n<p class=\"has-text-align-center margin-b50\"><\/p>\n\n\n\r\n<div  id=\"practice-nomargin\"  class=\"block-mt practice-block-img-v1\"  data-align=\"full\" >\r\n\r\n\r\n\r\n\r\n<div class=\"practice-short-img-v1\">\r\n\t\r\n\t\t\r\n\t<div class=\"gallery-item practice-img3col\">\r\n\t\r\n\t\t\r\n\t\t\t\t\t\t\t<a href=\"https:\/\/klb.julien-muller.fr\/index.php\/practice\/urbanisme-et-amenagement\/\">\r\n\t\t\t\t\r\n\t\t\t\r\n\t\t\t<div class=\"gallery-item-img\"  style=\"background-image:url('https:\/\/klb.julien-muller.fr\/wp-content\/uploads\/2026\/04\/IMG_6204-600x500.jpeg');\"  >\r\n\t\t\t<div class=\"gallery-item-desc\">\r\n\t\t\t<h2>Urbanisme et Am\u00e9nagement<\/h2>\r\n\t\t\t \r\n\t\t\t<\/div>\r\n\t\t\t<\/div>\t\r\n\t\t\t\r\n\t\t\t\t\t\t\t<\/a>\r\n\t\t\t\t\r\n\t\t\t\r\n\t<\/div>\t\t\r\n\t\t\r\n\t\t\r\n\t<div class=\"gallery-item practice-img3col\">\r\n\t\r\n\t\t\r\n\t\t\t\t\t\t\t<a href=\"https:\/\/klb.julien-muller.fr\/index.php\/practice\/actions-foncieres\/\">\r\n\t\t\t\t\r\n\t\t\t\r\n\t\t\t<div class=\"gallery-item-img\"  style=\"background-image:url('https:\/\/klb.julien-muller.fr\/wp-content\/uploads\/2026\/04\/Worker-On-A-Construction-Site-darken-600x500.jpg');\"  >\r\n\t\t\t<div class=\"gallery-item-desc\">\r\n\t\t\t<h2>Actions fonci\u00e8res<\/h2>\r\n\t\t\t \r\n\t\t\t<\/div>\r\n\t\t\t<\/div>\t\r\n\t\t\t\r\n\t\t\t\t\t\t\t<\/a>\r\n\t\t\t\t\r\n\t\t\t\r\n\t<\/div>\t\t\r\n\t\t\r\n\t\t\r\n\t<div class=\"gallery-item practice-img3col\">\r\n\t\r\n\t\t\r\n\t\t\t\t\t\t\t<a href=\"https:\/\/klb.julien-muller.fr\/index.php\/practice\/urbanisme-commercial\/\">\r\n\t\t\t\t\r\n\t\t\t\r\n\t\t\t<div class=\"gallery-item-img\"  style=\"background-image:url('https:\/\/klb.julien-muller.fr\/wp-content\/uploads\/2026\/04\/Shopping-mall-interior-darken-600x500.jpg');\"  >\r\n\t\t\t<div class=\"gallery-item-desc\">\r\n\t\t\t<h2>Urbanisme commercial<\/h2>\r\n\t\t\t \r\n\t\t\t<\/div>\r\n\t\t\t<\/div>\t\r\n\t\t\t\r\n\t\t\t\t\t\t\t<\/a>\r\n\t\t\t\t\r\n\t\t\t\r\n\t<\/div>\t\t\r\n\t\t\r\n\t\t\r\n\t<div class=\"gallery-item practice-img3col\">\r\n\t\r\n\t\t\r\n\t\t\t\t\t\t\t<a href=\"https:\/\/klb.julien-muller.fr\/index.php\/practice\/droit-public-general-et-des-collectivites-territoriales\/\">\r\n\t\t\t\t\r\n\t\t\t\r\n\t\t\t<div class=\"gallery-item-img\"  style=\"background-image:url('https:\/\/klb.julien-muller.fr\/wp-content\/uploads\/2026\/04\/IMG_8386-600x500.jpeg');\"  >\r\n\t\t\t<div class=\"gallery-item-desc\">\r\n\t\t\t<h2>Droit public g\u00e9n\u00e9ral et des collectivit\u00e9s territoriales<\/h2>\r\n\t\t\t \r\n\t\t\t<\/div>\r\n\t\t\t<\/div>\t\r\n\t\t\t\r\n\t\t\t\t\t\t\t<\/a>\r\n\t\t\t\t\r\n\t\t\t\r\n\t<\/div>\t\t\r\n\t\t\r\n\t\t\r\n\t<div class=\"gallery-item practice-img3col\">\r\n\t\r\n\t\t\r\n\t\t\t\t\t\t\t<a href=\"https:\/\/klb.julien-muller.fr\/index.php\/practice\/formations\/\">\r\n\t\t\t\t\r\n\t\t\t\r\n\t\t\t<div class=\"gallery-item-img\"  style=\"background-image:url('https:\/\/klb.julien-muller.fr\/wp-content\/uploads\/2026\/04\/Cranes-darken-600x500.jpg');\"  >\r\n\t\t\t<div class=\"gallery-item-desc\">\r\n\t\t\t<h2>Formations<\/h2>\r\n\t\t\t \r\n\t\t\t<\/div>\r\n\t\t\t<\/div>\t\r\n\t\t\t\r\n\t\t\t\t\t\t\t<\/a>\r\n\t\t\t\t\r\n\t\t\t\r\n\t<\/div>\t\t\r\n\t\t\r\n\t\t\r\n<\/div>\t\r\n\t\r\n\r\n\r\n<\/div>\n\n\n<div class=\"wp-block-group alignfull\"><div class=\"wp-block-group__inner-container is-layout-flow wp-block-group-is-layout-flow\"><\/div><\/div>\n\n\n\n<div style=\"height:100px\" aria-hidden=\"true\" class=\"wp-block-spacer\"><\/div>\n\n\n\n<div class=\"wp-block-cover alignfull has-parallax margin-b100\"><div class=\"wp-block-cover__image-background wp-image-1085 size-large has-parallax\" style=\"background-position:50% 50%;background-image:url(http:\/\/klb.julien-muller.fr\/wp-content\/uploads\/2026\/04\/Shopping-mall-interior-darken-1024x730.jpg)\"><\/div><span aria-hidden=\"true\" class=\"wp-block-cover__background has-background-dim-10 has-background-dim\" style=\"background-color:#5d5d5d\"><\/span><div class=\"wp-block-cover__inner-container is-layout-flow wp-block-cover-is-layout-flow\">\n<h2 class=\"wp-block-heading has-text-align-center has-white-color has-text-color\" id=\"the-only-law-firm-that-willlisten-and-understand-your-needs\">klb avocat intervient \u00e0 chaque \u00e9tape de l\u2019acte de construire<\/h2>\n<\/div><\/div>\n\n\n\n<div class=\"wp-block-columns is-layout-flex wp-container-core-columns-is-layout-28f84493 wp-block-columns-is-layout-flex\">\n<div class=\"wp-block-column is-layout-flow wp-block-column-is-layout-flow\">\n<p>En amont, klb avocat intervient pour s\u00e9curiser la d\u00e9livrance des autorisations de construire et d\u00e9fend les autorisations obtenues ainsi que les int\u00e9r\u00eats des b\u00e9n\u00e9ficiaires de ces autorisations devant toutes les juridictions (administratives, civiles ou p\u00e9nales).<\/p>\n\n\n\n<p>Dans ce cadre, klb avocat conseille ses clients en mati\u00e8re de permis de construire, d\u00e9clarations pr\u00e9alables, permis de d\u00e9molir, permis d\u2019am\u00e9nager, autorisations d\u2019am\u00e9nagement commercial, autorisations pour \u00e9tablissements recevant du public, autorisations de changement d\u2019usage de locaux d\u2019habitation, etc.<\/p>\n\n\n\n<p>klb&nbsp;avocat assiste et repr\u00e9sente les opposants \u00e0 un projet de construction en leur conseillant la mise en oeuvre de la proc\u00e9dure la plus adapt\u00e9e : recours gracieux ou contentieux contre l\u2019autorisation de construire ou indemnisation du pr\u00e9judice subi devant le juge judiciaire<\/p>\n\n\n\n<p>Au stade de la r\u00e9alisation des travaux, klb avocat conseille ses clients pour pr\u00e9venir les d\u00e9sordres \u00e0 l\u2019occasion de la proc\u00e9dure de r\u00e9f\u00e9r\u00e9 pr\u00e9ventif et, en cas de survenance de d\u00e9sordres, pour faire aboutir la recherche des responsabilit\u00e9s ainsi que la r\u00e9paration des dommages par la mise en \u0153uvre des diff\u00e9rentes garanties l\u00e9gales ou contractuelles.<\/p>\n\n\n\n<p>klb avocat conseille \u00e9galement ses clients tout au long de la vie de l\u2019immeuble sur des probl\u00e9matiques li\u00e9es au trouble anormal de voisinage ou encore \u00e0 la vie en copropri\u00e9t\u00e9.<\/p>\n<\/div>\n\n\n\n<div class=\"wp-block-column is-layout-flow wp-block-column-is-layout-flow\">\n<p>klb avocat intervient par ailleurs en mati\u00e8re d\u2019actions fonci\u00e8res et d\u2019op\u00e9rations d\u2019am\u00e9nagement.<\/p>\n\n\n\n<p>Dans ce cadre, klb avocat assiste et repr\u00e9sente ses clients \u00e0 l\u2019occasion des proc\u00e9dures de pr\u00e9emption ou d\u2019expropriation, qu\u2019il s\u2019agisse de la phase administrative ou de la phase judiciaire en \u00e9valuation des biens et fixation du prix.<\/p>\n\n\n\n<p>klb avocat a \u00e9galement d\u00e9velopp\u00e9 une expertise particuli\u00e8re en mati\u00e8re de divisions fonci\u00e8res (divisions primaires, lotissement, permis de construire valant division).<\/p>\n\n\n\n<p>klb avocat conseille ses clients dans le cadre d\u2019op\u00e9rations d\u2019am\u00e9nagement tels que les lotissements ou les ZAC, au stade de la proc\u00e9dure administrative mais aussi au stade de la commercialisation et de la cession des terrains.Dans l\u2019ensemble de ces mati\u00e8res, klb avocat intervient tant en conseil qu\u2019en contentieux, aupr\u00e8s d\u2019une client\u00e8le vari\u00e9e qui cherche \u00e0 atteindre le m\u00eame objectif, construire efficacement et de mani\u00e8re s\u00e9curis\u00e9e : promoteurs immobiliers, SA d\u2019HLM, particuliers, \u00e9tudes notariales et collectivit\u00e9s locales.<\/p>\n\n\n\n<p>klb avocat d\u00e9livre \u00e9galement des formations sur l\u2019ensemble de ces th\u00e9matiques, aupr\u00e8s d\u2019organismes de formation sp\u00e9cialis\u00e9s ou directement pour ses clients.<\/p>\n<\/div>\n<\/div>\n\n\n\n<div style=\"height:30px\" aria-hidden=\"true\" class=\"wp-block-spacer\"><\/div>\n\n\n\n<div class=\"wp-block-cover alignfull has-parallax margin-b100\"><div class=\"wp-block-cover__image-background wp-image-1087 size-large has-parallax\" style=\"background-position:50% 50%;background-image:url(http:\/\/klb.julien-muller.fr\/wp-content\/uploads\/2026\/04\/Worker-On-A-Construction-Site-darken-1024x640.jpg)\"><\/div><span aria-hidden=\"true\" class=\"wp-block-cover__background has-background-dim-10 has-background-dim\" style=\"background-color:#434343\"><\/span><div class=\"wp-block-cover__inner-container is-layout-flow wp-block-cover-is-layout-flow\">\n<h2 class=\"wp-block-heading has-text-align-center margin-b50 has-white-color has-text-color\" id=\"what-our-clients-say\">Ce que nos clients disent<\/h2>\n\n\n\r\n<div  class=\"block-mt testimonials-block container parallax-content\" >\r\n\r\n\r\n\r\n\r\n<div class=\"testimonial-slider\"><div class=\"swiper-wrapper\">\r\n\t\r\n\t\t\r\n\t<div class=\"swiper-slide testimonial-info\"><div class=\"testimonial-desc\">\n<p>\u00ab\u00a0<span class=\"Vz1Vkc\">Ma\u00eetre Leselbaum nous a accompagn\u00e9 avec efficacit\u00e9 et professionnalisme dans une situation de n\u00e9gociation pas \u00e9vidente. Nous ferions de nouveau appel \u00e0 elle sans h\u00e9sitation pour du droit de l&rsquo;urbanisme.<\/span>\u00a0\u00bb<\/p>\n<\/div>\n<h5>Marc<\/h5>\n<p>&nbsp;<\/p>\n<\/div>\r\n\t\r\n\t\t\r\n\t<div class=\"swiper-slide testimonial-info\"><div class=\"testimonial-desc\">\n<p>\u00ab\u00a0<span class=\"Vz1Vkc\">Experte en droit de l&rsquo;urbanisme. Je recommande.<\/span>\u00a0\u00bb<\/p>\n<\/div>\n<h5>Marie<\/h5>\n<\/div>\r\n\t\r\n\t\t\r\n\t<div class=\"swiper-slide testimonial-info\"><div class=\"testimonial-desc\">\n<p>\u00ab\u00a0<span class=\"Vz1Vkc\">Avocate extr\u00eamement p\u00e9dagogue et efficace.<\/span>\u00a0\u00bb<\/p>\n<\/div>\n<h5>Pierre<\/h5>\n<\/div>\r\n\t\r\n\t\r\n<\/div>\r\n\r\n\t<div class=\"swiper-pagination\"><\/div>\r\n\r\n<\/div>\t\t\r\n\t\r\n\r\n\r\n<\/div><\/div><\/div>\n\n\n\n<h2 class=\"wp-block-heading has-text-align-center home-title margin-b50\" id=\"latest-news\"><span>Nos actualit\u00e9s<\/span><\/h2>\n\n\n\n<div class=\"wp-block-group margin-b50\"><div class=\"wp-block-group__inner-container is-layout-flow wp-block-group-is-layout-flow\"><div class=\"blog-3col-grid\"><div class=\"row\"><div class=\"col-md-4\"><article class=\"blog-item blog-item-3col-grid\"><a href=\"https:\/\/klb.julien-muller.fr\/index.php\/2023\/01\/16\/when-is-work-cover-a-serious-injury\/\" title=\"When is Work Cover a Serious Injury?\"><div class=\"post-image\"><img loading=\"lazy\" decoding=\"async\" width=\"600\" height=\"500\" src=\"https:\/\/klb.julien-muller.fr\/wp-content\/uploads\/2017\/10\/attorney-theme-news-6-600x500.jpg\" class=\"img-fluid wp-post-image\" alt=\"\" \/><\/div><\/a><div class=\"post-content content-grid\"><ul class=\"post-meta\"><li class=\"meta-date\">16 janvier 2023<\/li><\/ul><h2 class=\"article-title\"><a href=\"https:\/\/klb.julien-muller.fr\/index.php\/2023\/01\/16\/when-is-work-cover-a-serious-injury\/\">When is Work Cover a Serious Injury?<\/a><\/h2>Don&rsquo;t act so surprised, Your Highness. You weren&rsquo;t on any mercy mission this time. Several transmissions were beamed to this ship by Rebel spies. I want to know what happened ...<\/div><a class=\"read-more\" href=\"https:\/\/klb.julien-muller.fr\/index.php\/2023\/01\/16\/when-is-work-cover-a-serious-injury\/\">Read More<\/a><\/article><\/div><div class=\"col-md-4\"><article class=\"blog-item blog-item-3col-grid\"><a href=\"https:\/\/klb.julien-muller.fr\/index.php\/2023\/01\/15\/how-to-make-a-claim-against-an-airline\/\" title=\"How to Make a Claim Against an Airline\"><div class=\"post-image\"><img loading=\"lazy\" decoding=\"async\" width=\"600\" height=\"500\" src=\"https:\/\/klb.julien-muller.fr\/wp-content\/uploads\/2017\/10\/attorney-theme-news-5-600x500.jpg\" class=\"img-fluid wp-post-image\" alt=\"attorney-theme-news-5\" \/><\/div><\/a><div class=\"post-content content-grid\"><ul class=\"post-meta\"><li class=\"meta-date\">15 janvier 2023<\/li><\/ul><h2 class=\"article-title\"><a href=\"https:\/\/klb.julien-muller.fr\/index.php\/2023\/01\/15\/how-to-make-a-claim-against-an-airline\/\">How to Make a Claim Against an Airline<\/a><\/h2>Don&rsquo;t act so surprised, Your Highness. You weren&rsquo;t on any mercy mission this time. Several transmissions were beamed to this ship by Rebel spies. I want to know what happened ...<\/div><a class=\"read-more\" href=\"https:\/\/klb.julien-muller.fr\/index.php\/2023\/01\/15\/how-to-make-a-claim-against-an-airline\/\">Read More<\/a><\/article><\/div><div class=\"col-md-4\"><article class=\"blog-item blog-item-3col-grid\"><a href=\"https:\/\/klb.julien-muller.fr\/index.php\/2023\/01\/14\/insights-domestic-violence-defense\/\" title=\"Insights Domestic Violence Defense\"><div class=\"post-image\"><img loading=\"lazy\" decoding=\"async\" width=\"600\" height=\"500\" src=\"https:\/\/klb.julien-muller.fr\/wp-content\/uploads\/2017\/09\/attorney-theme-news-3-600x500.jpg\" class=\"img-fluid wp-post-image\" alt=\"attorney-theme-news-3\" \/><\/div><\/a><div class=\"post-content content-grid\"><ul class=\"post-meta\"><li class=\"meta-date\">14 janvier 2023<\/li><\/ul><h2 class=\"article-title\"><a href=\"https:\/\/klb.julien-muller.fr\/index.php\/2023\/01\/14\/insights-domestic-violence-defense\/\">Insights Domestic Violence Defense<\/a><\/h2>Don&rsquo;t act so surprised, Your Highness. You weren&rsquo;t on any mercy mission this time. Several transmissions were beamed to this ship by Rebel spies. I want to know what happened ...<\/div><a class=\"read-more\" href=\"https:\/\/klb.julien-muller.fr\/index.php\/2023\/01\/14\/insights-domestic-violence-defense\/\">Read More<\/a><\/article><\/div><\/div><\/div>\n<\/div><\/div>\n\n\n\n<div class=\"wp-block-cover alignfull has-parallax\"><div class=\"wp-block-cover__image-background wp-image-1087 size-large has-parallax\" style=\"background-position:50% 50%;background-image:url(http:\/\/klb.julien-muller.fr\/wp-content\/uploads\/2026\/04\/Worker-On-A-Construction-Site-darken-1024x640.jpg)\"><\/div><span aria-hidden=\"true\" class=\"wp-block-cover__background has-background-dim-10 has-background-dim\" style=\"background-color:#434343\"><\/span><div class=\"wp-block-cover__inner-container is-layout-flow wp-block-cover-is-layout-flow\">\n<h2 class=\"wp-block-heading has-text-align-center home-title has-white-color has-text-color\" id=\"schedule-a-free-consultation\">Prendre rendez-vous<\/h2>\n\n\n\n<p class=\"has-text-align-center has-white-color has-text-color\">N&rsquo;h\u00e9sitez pas \u00e0 nous contacter<\/p>\n\n\n<div class=\"container\">\n<div class=\"wpcf7 no-js\" id=\"wpcf7-f168-o1\" lang=\"en-US\" dir=\"ltr\" data-wpcf7-id=\"168\">\n<div class=\"screen-reader-response\"><p role=\"status\" aria-live=\"polite\" aria-atomic=\"true\"><\/p> <ul><\/ul><\/div>\n<form action=\"\/index.php\/wp-json\/wp\/v2\/pages\/1054#wpcf7-f168-o1\" method=\"post\" class=\"wpcf7-form init\" aria-label=\"Contact form\" novalidate=\"novalidate\" data-status=\"init\">\n<fieldset class=\"hidden-fields-container\"><input type=\"hidden\" name=\"_wpcf7\" value=\"168\" \/><input type=\"hidden\" name=\"_wpcf7_version\" value=\"6.1.5\" \/><input type=\"hidden\" name=\"_wpcf7_locale\" value=\"en_US\" \/><input type=\"hidden\" name=\"_wpcf7_unit_tag\" value=\"wpcf7-f168-o1\" \/><input type=\"hidden\" name=\"_wpcf7_container_post\" value=\"0\" \/><input type=\"hidden\" name=\"_wpcf7_posted_data_hash\" value=\"\" \/>\n<\/fieldset>\n<div class=\"row\">\n\t<div class=\"col-sm-4\">\n\t\t<p><span class=\"wpcf7-form-control-wrap\" data-name=\"your-name\"><input size=\"40\" maxlength=\"400\" class=\"wpcf7-form-control wpcf7-text wpcf7-validates-as-required comm-field\" aria-required=\"true\" aria-invalid=\"false\" placeholder=\"Name\" value=\"\" type=\"text\" name=\"your-name\" \/><\/span>\n\t\t<\/p>\n\t<\/div>\n\t<div class=\"col-sm-4\">\n\t\t<p><span class=\"wpcf7-form-control-wrap\" data-name=\"your-email\"><input size=\"40\" maxlength=\"400\" class=\"wpcf7-form-control wpcf7-email wpcf7-validates-as-required wpcf7-text wpcf7-validates-as-email comm-field\" aria-required=\"true\" aria-invalid=\"false\" placeholder=\"Email\" value=\"\" type=\"email\" name=\"your-email\" \/><\/span>\n\t\t<\/p>\n\t<\/div>\n\t<div class=\"col-sm-4\">\n\t\t<p><span class=\"wpcf7-form-control-wrap\" data-name=\"your-subject\"><input size=\"40\" maxlength=\"400\" class=\"wpcf7-form-control wpcf7-text wpcf7-validates-as-required comm-field\" aria-required=\"true\" aria-invalid=\"false\" placeholder=\"Subject\" value=\"\" type=\"text\" name=\"your-subject\" \/><\/span>\n\t\t<\/p>\n\t<\/div>\n<\/div>\n<p><span class=\"wpcf7-form-control-wrap\" data-name=\"your-message\"><textarea cols=\"40\" rows=\"5\" maxlength=\"2000\" class=\"wpcf7-form-control wpcf7-textarea wpcf7-validates-as-required\" id=\"msg-contact\" aria-required=\"true\" aria-invalid=\"false\" placeholder=\"Message\" name=\"your-message\"><\/textarea><\/span>\n<\/p>\n<p class=\"contact-btn\"><input class=\"wpcf7-form-control wpcf7-submit has-spinner\" id=\"submit-contact\" type=\"submit\" value=\"Send message\" \/>\n<\/p><div class=\"wpcf7-response-output\" aria-hidden=\"true\"><\/div>\n<\/form>\n<\/div>\n<\/div>\n<\/div><\/div>\n\n\n\n<p><\/p>\n","protected":false},"excerpt":{"rendered":"<p>KLB Avocat Cabinet expert en droit Immobilier klb avocat intervient \u00e0 chaque \u00e9tape de l\u2019acte de construire 10 Ans d&rsquo;\u00e9xistance 100% Op\u00e9rationnel 4,6\/5 D&rsquo;avis positif Domaines d&rsquo;expertise En amont, klb avocat intervient pour s\u00e9curiser la d\u00e9livrance des autorisations de construire et d\u00e9fend les autorisations obtenues ainsi que les int\u00e9r\u00eats des b\u00e9n\u00e9ficiaires de ces autorisations devant toutes les juridictions (administratives, civiles&#8230;<\/p>\n","protected":false},"author":1,"featured_media":0,"parent":0,"menu_order":0,"comment_status":"closed","ping_status":"open","template":"my-templates\/template-home-v2.php","meta":{"_acf_changed":false,"_coblocks_attr":"","_coblocks_dimensions":"","_coblocks_responsive_height":"","_coblocks_accordion_ie_support":"","footnotes":""},"class_list":["post-1054","page","type-page","status-publish","hentry"],"acf":[],"aioseo_notices":[],"_links":{"self":[{"href":"https:\/\/klb.julien-muller.fr\/index.php\/wp-json\/wp\/v2\/pages\/1054","targetHints":{"allow":["GET"]}}],"collection":[{"href":"https:\/\/klb.julien-muller.fr\/index.php\/wp-json\/wp\/v2\/pages"}],"about":[{"href":"https:\/\/klb.julien-muller.fr\/index.php\/wp-json\/wp\/v2\/types\/page"}],"author":[{"embeddable":true,"href":"https:\/\/klb.julien-muller.fr\/index.php\/wp-json\/wp\/v2\/users\/1"}],"replies":[{"embeddable":true,"href":"https:\/\/klb.julien-muller.fr\/index.php\/wp-json\/wp\/v2\/comments?post=1054"}],"version-history":[{"count":11,"href":"https:\/\/klb.julien-muller.fr\/index.php\/wp-json\/wp\/v2\/pages\/1054\/revisions"}],"predecessor-version":[{"id":1128,"href":"https:\/\/klb.julien-muller.fr\/index.php\/wp-json\/wp\/v2\/pages\/1054\/revisions\/1128"}],"wp:attachment":[{"href":"https:\/\/klb.julien-muller.fr\/index.php\/wp-json\/wp\/v2\/media?parent=1054"}],"curies":[{"name":"wp","href":"https:\/\/api.w.org\/{rel}","templated":true}]}}